{"id":234,"date":"2024-11-05T19:54:07","date_gmt":"2024-11-05T23:54:07","guid":{"rendered":"https:\/\/neurofeedbackdominicana.com\/?post_type=product&#038;p=234"},"modified":"2025-04-22T23:35:21","modified_gmt":"2025-04-23T03:35:21","slug":"paquete-de-rendimiento-integral","status":"publish","type":"product","link":"https:\/\/neurofeedbackdominicana.com\/en\/product\/paquete-de-rendimiento-integral\/","title":{"rendered":"Paquete de Rendimiento Integral"},"content":{"rendered":"<ul>\n<li>Mejora de la atenci\u00f3n y concentraci\u00f3n.<\/li>\n<li>Reducci\u00f3n de la ansiedad y el estr\u00e9s.<\/li>\n<li>Fortalecimiento de habilidades sociales y emocionales.<\/li>\n<li>Aceleraci\u00f3n en la recuperaci\u00f3n y optimizaci\u00f3n del rendimiento f\u00edsico.<\/li>\n<li>Apoyo en el desarrollo de habilidades sociales y manejo de la atenci\u00f3n.<\/li>\n<\/ul>","protected":false},"excerpt":{"rendered":"<p>Personas Autistas, TDAH y atletas que buscan optimizar su rendimiento mental.<\/p>","protected":false},"featured_media":743,"template":"","meta":[],"product_brand":[],"product_cat":[20],"product_tag":[],"class_list":{"0":"post-234","1":"product","2":"type-product","3":"status-publish","4":"has-post-thumbnail","6":"product_cat-paquetes-neuro-feedback","8":"first","9":"instock","10":"virtual","11":"sold-individually","12":"purchasable","13":"product-type-booking"},"_links":{"self":[{"href":"https:\/\/neurofeedbackdominicana.com\/en\/wp-json\/wp\/v2\/product\/234","targetHints":{"allow":["GET"]}}],"collection":[{"href":"https:\/\/neurofeedbackdominicana.com\/en\/wp-json\/wp\/v2\/product"}],"about":[{"href":"https:\/\/neurofeedbackdominicana.com\/en\/wp-json\/wp\/v2\/types\/product"}],"wp:featuredmedia":[{"embeddable":true,"href":"https:\/\/neurofeedbackdominicana.com\/en\/wp-json\/wp\/v2\/media\/743"}],"wp:attachment":[{"href":"https:\/\/neurofeedbackdominicana.com\/en\/wp-json\/wp\/v2\/media?parent=234"}],"wp:term":[{"taxonomy":"product_brand","embeddable":true,"href":"https:\/\/neurofeedbackdominicana.com\/en\/wp-json\/wp\/v2\/product_brand?post=234"},{"taxonomy":"product_cat","embeddable":true,"href":"https:\/\/neurofeedbackdominicana.com\/en\/wp-json\/wp\/v2\/product_cat?post=234"},{"taxonomy":"product_tag","embeddable":true,"href":"https:\/\/neurofeedbackdominicana.com\/en\/wp-json\/wp\/v2\/product_tag?post=234"}],"curies":[{"name":"wp","href":"https:\/\/api.w.org\/{rel}","templated":true}]}}