{"id":535,"date":"2024-11-09T17:34:03","date_gmt":"2024-11-09T21:34:03","guid":{"rendered":"https:\/\/neurofeedbackdominicana.com\/?page_id=535"},"modified":"2025-04-22T22:51:34","modified_gmt":"2025-04-23T02:51:34","slug":"politica-de-cookies","status":"publish","type":"page","link":"https:\/\/neurofeedbackdominicana.com\/en\/politica-de-cookies\/","title":{"rendered":"Pol\u00edtica de cookies"},"content":{"rendered":"<p>Este sitio web utiliza cookies para mejorar su experiencia como usuario. Las cookies son peque\u00f1os archivos que se almacenan en su dispositivo y nos permiten:<\/p>\n\n\n\n<ul class=\"wp-block-list\">\n<li>Recordar sus preferencias de navegaci\u00f3n.<br><\/li>\n\n\n\n<li>Analizar patrones de comportamiento para mejorar nuestros servicios.<br><\/li>\n\n\n\n<li>Optimizar el rendimiento del sitio web.<\/li>\n<\/ul>\n\n\n\n<p>Usted puede modificar la configuraci\u00f3n de su navegador para rechazar el uso de cookies. No obstante, esto podr\u00eda limitar la funcionalidad del sitio.<\/p>","protected":false},"excerpt":{"rendered":"<p>Este sitio web utiliza cookies para mejorar su experiencia como usuario. Las cookies son peque\u00f1os archivos que se almacenan en su dispositivo y nos permiten: Usted puede modificar la configuraci\u00f3n de su navegador para rechazar el uso de cookies. No obstante, esto podr\u00eda limitar la funcionalidad del sitio.<\/p>","protected":false},"author":1,"featured_media":0,"parent":0,"menu_order":9,"comment_status":"closed","ping_status":"closed","template":"","meta":{"footnotes":""},"class_list":["post-535","page","type-page","status-publish","hentry"],"_links":{"self":[{"href":"https:\/\/neurofeedbackdominicana.com\/en\/wp-json\/wp\/v2\/pages\/535","targetHints":{"allow":["GET"]}}],"collection":[{"href":"https:\/\/neurofeedbackdominicana.com\/en\/wp-json\/wp\/v2\/pages"}],"about":[{"href":"https:\/\/neurofeedbackdominicana.com\/en\/wp-json\/wp\/v2\/types\/page"}],"author":[{"embeddable":true,"href":"https:\/\/neurofeedbackdominicana.com\/en\/wp-json\/wp\/v2\/users\/1"}],"replies":[{"embeddable":true,"href":"https:\/\/neurofeedbackdominicana.com\/en\/wp-json\/wp\/v2\/comments?post=535"}],"version-history":[{"count":2,"href":"https:\/\/neurofeedbackdominicana.com\/en\/wp-json\/wp\/v2\/pages\/535\/revisions"}],"predecessor-version":[{"id":1147,"href":"https:\/\/neurofeedbackdominicana.com\/en\/wp-json\/wp\/v2\/pages\/535\/revisions\/1147"}],"wp:attachment":[{"href":"https:\/\/neurofeedbackdominicana.com\/en\/wp-json\/wp\/v2\/media?parent=535"}],"curies":[{"name":"wp","href":"https:\/\/api.w.org\/{rel}","templated":true}]}}