{"id":508,"date":"2024-11-09T17:00:09","date_gmt":"2024-11-09T21:00:09","guid":{"rendered":"https:\/\/neurofeedbackdominicana.com\/?page_id=508"},"modified":"2025-04-22T22:50:21","modified_gmt":"2025-04-23T02:50:21","slug":"politica-de-privacidad","status":"publish","type":"page","link":"https:\/\/neurofeedbackdominicana.com\/en\/politica-de-privacidad\/","title":{"rendered":"Pol\u00edtica de privacidad"},"content":{"rendered":"<p>En <strong>Neurofeedback Dominicana<\/strong>, la privacidad de nuestros usuarios es una prioridad. Esta pol\u00edtica describe c\u00f3mo recopilamos, utilizamos y protegemos su informaci\u00f3n:<\/p>\n\n\n\n<p><strong>1. Informaci\u00f3n que recopilamos:<\/strong><\/p>\n\n\n\n<ul class=\"wp-block-list\">\n<li>Datos personales (nombre, tel\u00e9fono, correo electr\u00f3nico).<br><\/li>\n\n\n\n<li>Informaci\u00f3n cl\u00ednica relevante para la prestaci\u00f3n de nuestros servicios.<br><\/li>\n<\/ul>\n\n\n\n<p><strong>2. Uso de la informaci\u00f3n:<\/strong><\/p>\n\n\n\n<ul class=\"wp-block-list\">\n<li>Gestionar reservas y citas.<br><\/li>\n\n\n\n<li>Brindar seguimiento cl\u00ednico.<br><\/li>\n\n\n\n<li>Comunicar novedades o informaci\u00f3n importante sobre nuestros servicios.<br><\/li>\n<\/ul>\n\n\n\n<p><strong>3. Protecci\u00f3n de la informaci\u00f3n:<\/strong><\/p>\n\n\n\n<ul class=\"wp-block-list\">\n<li>Utilizamos protocolos seguros para el almacenamiento y manejo de datos.<br><\/li>\n\n\n\n<li>No compartimos su informaci\u00f3n con terceros sin su consentimiento, salvo por obligaci\u00f3n legal.<br><\/li>\n<\/ul>\n\n\n\n<p>Al utilizar nuestros servicios, usted acepta esta pol\u00edtica de privacidad.<\/p>","protected":false},"excerpt":{"rendered":"<p>En Neurofeedback Dominicana, la privacidad de nuestros usuarios es una prioridad. Esta pol\u00edtica describe c\u00f3mo recopilamos, utilizamos y protegemos su informaci\u00f3n: 1. Informaci\u00f3n que recopilamos: 2. Uso de la informaci\u00f3n: 3. Protecci\u00f3n de la informaci\u00f3n: Al utilizar nuestros servicios, usted acepta esta pol\u00edtica de privacidad.<\/p>","protected":false},"author":1,"featured_media":0,"parent":0,"menu_order":6,"comment_status":"closed","ping_status":"closed","template":"","meta":{"footnotes":""},"class_list":["post-508","page","type-page","status-publish","hentry"],"_links":{"self":[{"href":"https:\/\/neurofeedbackdominicana.com\/en\/wp-json\/wp\/v2\/pages\/508","targetHints":{"allow":["GET"]}}],"collection":[{"href":"https:\/\/neurofeedbackdominicana.com\/en\/wp-json\/wp\/v2\/pages"}],"about":[{"href":"https:\/\/neurofeedbackdominicana.com\/en\/wp-json\/wp\/v2\/types\/page"}],"author":[{"embeddable":true,"href":"https:\/\/neurofeedbackdominicana.com\/en\/wp-json\/wp\/v2\/users\/1"}],"replies":[{"embeddable":true,"href":"https:\/\/neurofeedbackdominicana.com\/en\/wp-json\/wp\/v2\/comments?post=508"}],"version-history":[{"count":3,"href":"https:\/\/neurofeedbackdominicana.com\/en\/wp-json\/wp\/v2\/pages\/508\/revisions"}],"predecessor-version":[{"id":1145,"href":"https:\/\/neurofeedbackdominicana.com\/en\/wp-json\/wp\/v2\/pages\/508\/revisions\/1145"}],"wp:attachment":[{"href":"https:\/\/neurofeedbackdominicana.com\/en\/wp-json\/wp\/v2\/media?parent=508"}],"curies":[{"name":"wp","href":"https:\/\/api.w.org\/{rel}","templated":true}]}}